{"id":8,"date":"2025-06-03T22:10:28","date_gmt":"2025-06-03T22:10:28","guid":{"rendered":"https:\/\/bilska.novaro.media\/index.php\/cart\/"},"modified":"2025-08-05T12:43:06","modified_gmt":"2025-08-05T12:43:06","slug":"koszyk","status":"publish","type":"page","link":"https:\/\/shop.joannabilska.pl\/en\/koszyk\/","title":{"rendered":"Cart"},"content":{"rendered":"<div data-block-name=\"woocommerce\/cart\" class=\"wp-block-woocommerce-cart alignwide is-loading\">\n<div data-block-name=\"woocommerce\/filled-cart-block\" class=\"wp-block-woocommerce-filled-cart-block\">\n<div data-block-name=\"woocommerce\/cart-items-block\" class=\"wp-block-woocommerce-cart-items-block\">\n<div data-block-name=\"woocommerce\/cart-line-items-block\" class=\"wp-block-woocommerce-cart-line-items-block\"><\/div>\n\n\n\n<div data-block-name=\"woocommerce\/cart-cross-sells-block\" class=\"wp-block-woocommerce-cart-cross-sells-block\">\n<h2 class=\"wp-block-heading has-large-font-size\">You may be interested in\u2026<\/h2>\n\n\n\n<div data-block-name=\"woocommerce\/cart-cross-sells-products-block\" class=\"wp-block-woocommerce-cart-cross-sells-products-block\"><\/div>\n<\/div>\n<\/div>\n\n\n\n<div data-block-name=\"woocommerce\/cart-totals-block\" class=\"wp-block-woocommerce-cart-totals-block\">\n<div data-block-name=\"woocommerce\/cart-order-summary-block\" class=\"wp-block-woocommerce-cart-order-summary-block\">\n<div data-block-name=\"woocommerce\/cart-order-summary-heading-block\" data-content=\"Podsumowanie koszyka\" class=\"wp-block-woocommerce-cart-order-summary-heading-block\"><\/div>\n\n\n\n<div data-block-name=\"woocommerce\/cart-order-summary-coupon-form-block\" class=\"wp-block-woocommerce-cart-order-summary-coupon-form-block\"><\/div>\n\n\n\n<div data-block-name=\"woocommerce\/cart-order-summary-totals-block\" class=\"wp-block-woocommerce-cart-order-summary-totals-block\">\n<div data-block-name=\"woocommerce\/cart-order-summary-subtotal-block\" class=\"wp-block-woocommerce-cart-order-summary-subtotal-block\"><\/div>\n\n\n\n<div data-block-name=\"woocommerce\/cart-order-summary-fee-block\" class=\"wp-block-woocommerce-cart-order-summary-fee-block\"><\/div>\n\n\n\n<div data-block-name=\"woocommerce\/cart-order-summary-discount-block\" class=\"wp-block-woocommerce-cart-order-summary-discount-block\"><\/div>\n\n\n\n<div data-block-name=\"woocommerce\/cart-order-summary-shipping-block\" class=\"wp-block-woocommerce-cart-order-summary-shipping-block\"><\/div>\n\n\n\n<div data-block-name=\"woocommerce\/cart-order-summary-taxes-block\" class=\"wp-block-woocommerce-cart-order-summary-taxes-block\"><\/div>\n<\/div>\n<\/div>\n\n\n\n<div data-block-name=\"woocommerce\/cart-express-payment-block\" class=\"wp-block-woocommerce-cart-express-payment-block\"><\/div>\n\n\n\n<div data-block-name=\"woocommerce\/proceed-to-checkout-block\" class=\"wp-block-woocommerce-proceed-to-checkout-block\"><\/div>\n\n\n\n<div data-block-name=\"woocommerce\/cart-accepted-payment-methods-block\" class=\"wp-block-woocommerce-cart-accepted-payment-methods-block\"><\/div>\n<\/div>\n<\/div>\n\n\n\n<div data-block-name=\"woocommerce\/empty-cart-block\" class=\"wp-block-woocommerce-empty-cart-block\">\n<h2 class=\"wp-block-heading has-text-align-center with-empty-cart-icon wc-block-cart__empty-cart__title\">Your cart is empty!<\/h2>\n\n\n\n<hr class=\"wp-block-separator has-alpha-channel-opacity is-style-dots\"\/>\n\n\n\n<h2 class=\"wp-block-heading has-text-align-center\">You might like this<\/h2>\n\n\n\t\t<div data-elementor-type=\"container\" data-elementor-id=\"16935\" class=\"elementor elementor-16935\" data-elementor-post-type=\"elementor_library\">\n\t\t\t\t<div class=\"elementor-element elementor-element-b141e76 e-flex e-con-boxed e-con e-parent\" data-id=\"b141e76\" data-element_type=\"container\" data-e-type=\"container\">\n\t\t\t\t\t<div class=\"e-con-inner\">\n\t\t\t\t<div class=\"elementor-element elementor-element-4dab728 elementor-grid-4 elementor-grid-tablet-3 elementor-grid-mobile-2 elementor-products-grid elementor-wc-products elementor-widget elementor-widget-woocommerce-products\" data-id=\"4dab728\" data-element_type=\"widget\" data-e-type=\"widget\" data-widget_type=\"woocommerce-products.default\">\n\t\t\t\t<div class=\"elementor-widget-container\">\n\t\t\t\t\t<div class=\"woocommerce columns-4\"><ul class=\"products elementor-grid columns-4 cmsmasters_products\"><li class=\"product type-product post-16490 status-publish first instock product_cat-tysiace-twarzy has-post-thumbnail sold-individually shipping-taxable purchasable product-type-simple\">\r\n\t<article class=\"cmsmasters_product\">\r\n\t\t\t\t<figure class=\"cmsmasters_product_img\">\r\n\t\t\t<a href=\"https:\/\/shop.joannabilska.pl\/en\/product\/joy\/\">\r\n\t\t\t\t<img fetchpriority=\"high\" decoding=\"async\" width=\"540\" height=\"358\" src=\"https:\/\/shop.joannabilska.pl\/wp-content\/uploads\/JOY-60x90-1-540x358.jpg\" class=\"attachment-woocommerce_thumbnail size-woocommerce_thumbnail\" alt=\"JOY\" srcset=\"https:\/\/shop.joannabilska.pl\/wp-content\/uploads\/JOY-60x90-1-540x358.jpg 540w, https:\/\/shop.joannabilska.pl\/wp-content\/uploads\/JOY-60x90-1-300x199.jpg 300w, https:\/\/shop.joannabilska.pl\/wp-content\/uploads\/JOY-60x90-1-1024x679.jpg 1024w, https:\/\/shop.joannabilska.pl\/wp-content\/uploads\/JOY-60x90-1-768x510.jpg 768w, https:\/\/shop.joannabilska.pl\/wp-content\/uploads\/JOY-60x90-1-18x12.jpg 18w, https:\/\/shop.joannabilska.pl\/wp-content\/uploads\/JOY-60x90-1-580x385.jpg 580w, https:\/\/shop.joannabilska.pl\/wp-content\/uploads\/JOY-60x90-1-860x571.jpg 860w, https:\/\/shop.joannabilska.pl\/wp-content\/uploads\/JOY-60x90-1-1160x770.jpg 1160w, https:\/\/shop.joannabilska.pl\/wp-content\/uploads\/JOY-60x90-1-1320x876.jpg 1320w, https:\/\/shop.joannabilska.pl\/wp-content\/uploads\/JOY-60x90-1-600x398.jpg 600w, https:\/\/shop.joannabilska.pl\/wp-content\/uploads\/JOY-60x90-1.jpg 1355w\" sizes=\"(max-width: 540px) 100vw, 540px\" \/>\t\t\t<\/a>\r\n\t\t\t\t\t<\/figure>\r\n\t\t<div class=\"cmsmasters_product_inner\">\r\n\t\t\t<div class=\"cmsmasters_product_cat entry-meta\"><a href=\"https:\/\/shop.joannabilska.pl\/en\/product-category\/kolekcje\/tysiace-twarzy\/\" class=\"cmsmasters_cat_color cmsmasters_cat_50\" rel=\"category tag\">A Thousand Faces 2024<\/a><\/div>\t\t\t<header class=\"cmsmasters_product_header entry-header\">\r\n\t\t\t\t<h3 class=\"cmsmasters_product_title entry-title\">\r\n\t\t\t\t\t<a href=\"https:\/\/shop.joannabilska.pl\/en\/product\/joy\/\">JOY<\/a>\r\n\t\t\t\t<\/h3>\r\n\t\t\t<\/header>\r\n\t\t\t\r\n<div class=\"cmsmasters_star_rating\" itemscope itemtype=\"\/\/schema.org\/AggregateRating\" title=\"Rated 0 out of 5\">\r\n<div class=\"cmsmasters_star_trans_wrap\">\r\n\t<span class=\"cmsmasters_theme_icon_star_empty cmsmasters_star\"><\/span>\r\n\t<span class=\"cmsmasters_theme_icon_star_empty cmsmasters_star\"><\/span>\r\n\t<span class=\"cmsmasters_theme_icon_star_empty cmsmasters_star\"><\/span>\r\n\t<span class=\"cmsmasters_theme_icon_star_empty cmsmasters_star\"><\/span>\r\n\t<span class=\"cmsmasters_theme_icon_star_empty cmsmasters_star\"><\/span>\r\n<\/div>\r\n<div class=\"cmsmasters_star_color_wrap\" data-width=\"width:0%\">\r\n\t<div class=\"cmsmasters_star_color_inner\">\r\n\t\t<span class=\"cmsmasters_theme_icon_star_full cmsmasters_star\"><\/span>\r\n\t\t<span class=\"cmsmasters_theme_icon_star_full cmsmasters_star\"><\/span>\r\n\t\t<span class=\"cmsmasters_theme_icon_star_full cmsmasters_star\"><\/span>\r\n\t\t<span class=\"cmsmasters_theme_icon_star_full cmsmasters_star\"><\/span>\r\n\t\t<span class=\"cmsmasters_theme_icon_star_full cmsmasters_star\"><\/span>\r\n\t<\/div>\r\n<\/div>\r\n<span class=\"rating dn\"><strong itemprop=\"ratingValue\">0<\/strong> out of 5<\/span>\r\n<\/div>\r\n\t\t\t<div class=\"cmsmasters_product_info\">\r\n\t\t\t\n\t<span class=\"price\"><span class=\"woocommerce-Price-amount amount\"><bdi>1 180,00<span>&nbsp;<span class=\"woocommerce-Price-currencySymbol\">&#122;&#322;<\/span><\/span><\/bdi><\/span><\/span>\n<div class=\"button_to_cart_wrap\"><a href=\"\/en\/wp-json\/wp\/v2\/pages\/8?add-to-cart=16490\" data-product_id=\"16490\" data-product_sku=\"K002-P004\" class=\"button_to_cart add_to_cart_button cmsmasters_add_to_cart_button product_type_simple ajax_add_to_cart\" title=\"Add to Cart\"><span>Add to Cart<\/span><\/a><a href=\"https:\/\/shop.joannabilska.pl\/en\/koszyk\/\" class=\"button_to_cart added_to_cart wc-forward\" title=\"View Cart\"><span>View Cart<\/span><\/a><\/div>\t\t\t<\/div>\r\n\t\t<\/div>\r\n\t\t\t<\/article>\r\n<\/li><li class=\"product type-product post-15957 status-publish instock product_cat-duch-lasu has-post-thumbnail sold-individually shipping-taxable purchasable product-type-simple\">\r\n\t<article class=\"cmsmasters_product\">\r\n\t\t\t\t<figure class=\"cmsmasters_product_img\">\r\n\t\t\t<a href=\"https:\/\/shop.joannabilska.pl\/en\/product\/duch-lasu-iii\/\">\r\n\t\t\t\t<img decoding=\"async\" width=\"540\" height=\"789\" src=\"https:\/\/shop.joannabilska.pl\/wp-content\/uploads\/DUCH-LASU-III-45x65-1-540x789.jpg\" class=\"attachment-woocommerce_thumbnail size-woocommerce_thumbnail\" alt=\"DUCH LASU III\" srcset=\"https:\/\/shop.joannabilska.pl\/wp-content\/uploads\/DUCH-LASU-III-45x65-1-540x789.jpg 540w, https:\/\/shop.joannabilska.pl\/wp-content\/uploads\/DUCH-LASU-III-45x65-1-600x877.jpg 600w, https:\/\/shop.joannabilska.pl\/wp-content\/uploads\/DUCH-LASU-III-45x65-1-205x300.jpg 205w, https:\/\/shop.joannabilska.pl\/wp-content\/uploads\/DUCH-LASU-III-45x65-1-701x1024.jpg 701w, https:\/\/shop.joannabilska.pl\/wp-content\/uploads\/DUCH-LASU-III-45x65-1-768x1122.jpg 768w, https:\/\/shop.joannabilska.pl\/wp-content\/uploads\/DUCH-LASU-III-45x65-1-1051x1536.jpg 1051w, https:\/\/shop.joannabilska.pl\/wp-content\/uploads\/DUCH-LASU-III-45x65-1-8x12.jpg 8w, https:\/\/shop.joannabilska.pl\/wp-content\/uploads\/DUCH-LASU-III-45x65-1-580x847.jpg 580w, https:\/\/shop.joannabilska.pl\/wp-content\/uploads\/DUCH-LASU-III-45x65-1-860x1256.jpg 860w, https:\/\/shop.joannabilska.pl\/wp-content\/uploads\/DUCH-LASU-III-45x65-1-1160x1695.jpg 1160w, https:\/\/shop.joannabilska.pl\/wp-content\/uploads\/DUCH-LASU-III-45x65-1.jpg 1280w\" sizes=\"(max-width: 540px) 100vw, 540px\" \/>\t\t\t<\/a>\r\n\t\t\t\t\t<\/figure>\r\n\t\t<div class=\"cmsmasters_product_inner\">\r\n\t\t\t<div class=\"cmsmasters_product_cat entry-meta\"><a href=\"https:\/\/shop.joannabilska.pl\/en\/product-category\/kolekcje\/duch-lasu\/\" class=\"cmsmasters_cat_color cmsmasters_cat_46\" rel=\"category tag\">Spirit of the Forest 2024<\/a><\/div>\t\t\t<header class=\"cmsmasters_product_header entry-header\">\r\n\t\t\t\t<h3 class=\"cmsmasters_product_title entry-title\">\r\n\t\t\t\t\t<a href=\"https:\/\/shop.joannabilska.pl\/en\/product\/duch-lasu-iii\/\">SPIRIT OF THE FOREST III<\/a>\r\n\t\t\t\t<\/h3>\r\n\t\t\t<\/header>\r\n\t\t\t\r\n<div class=\"cmsmasters_star_rating\" itemscope itemtype=\"\/\/schema.org\/AggregateRating\" title=\"Rated 0 out of 5\">\r\n<div class=\"cmsmasters_star_trans_wrap\">\r\n\t<span class=\"cmsmasters_theme_icon_star_empty cmsmasters_star\"><\/span>\r\n\t<span class=\"cmsmasters_theme_icon_star_empty cmsmasters_star\"><\/span>\r\n\t<span class=\"cmsmasters_theme_icon_star_empty cmsmasters_star\"><\/span>\r\n\t<span class=\"cmsmasters_theme_icon_star_empty cmsmasters_star\"><\/span>\r\n\t<span class=\"cmsmasters_theme_icon_star_empty cmsmasters_star\"><\/span>\r\n<\/div>\r\n<div class=\"cmsmasters_star_color_wrap\" data-width=\"width:0%\">\r\n\t<div class=\"cmsmasters_star_color_inner\">\r\n\t\t<span class=\"cmsmasters_theme_icon_star_full cmsmasters_star\"><\/span>\r\n\t\t<span class=\"cmsmasters_theme_icon_star_full cmsmasters_star\"><\/span>\r\n\t\t<span class=\"cmsmasters_theme_icon_star_full cmsmasters_star\"><\/span>\r\n\t\t<span class=\"cmsmasters_theme_icon_star_full cmsmasters_star\"><\/span>\r\n\t\t<span class=\"cmsmasters_theme_icon_star_full cmsmasters_star\"><\/span>\r\n\t<\/div>\r\n<\/div>\r\n<span class=\"rating dn\"><strong itemprop=\"ratingValue\">0<\/strong> out of 5<\/span>\r\n<\/div>\r\n\t\t\t<div class=\"cmsmasters_product_info\">\r\n\t\t\t\n\t<span class=\"price\"><span class=\"woocommerce-Price-amount amount\"><bdi>539,00<span>&nbsp;<span class=\"woocommerce-Price-currencySymbol\">&#122;&#322;<\/span><\/span><\/bdi><\/span><\/span>\n<div class=\"button_to_cart_wrap\"><a href=\"\/en\/wp-json\/wp\/v2\/pages\/8?add-to-cart=15957\" data-product_id=\"15957\" data-product_sku=\"K001-P003\" class=\"button_to_cart add_to_cart_button cmsmasters_add_to_cart_button product_type_simple ajax_add_to_cart\" title=\"Add to Cart\"><span>Add to Cart<\/span><\/a><a href=\"https:\/\/shop.joannabilska.pl\/en\/koszyk\/\" class=\"button_to_cart added_to_cart wc-forward\" title=\"View Cart\"><span>View Cart<\/span><\/a><\/div>\t\t\t<\/div>\r\n\t\t<\/div>\r\n\t\t\t<\/article>\r\n<\/li><li class=\"product type-product post-17239 status-publish outofstock product_cat-nowosci product_cat-survival-mode-2025 has-post-thumbnail sold-individually shipping-taxable purchasable product-type-simple\">\r\n\t<article class=\"cmsmasters_product\">\r\n\t\t\t\t<figure class=\"cmsmasters_product_img\">\r\n\t\t\t<a href=\"https:\/\/shop.joannabilska.pl\/en\/product\/drowning-50x80-abstrakcja-obraz\/\">\r\n\t\t\t\t<img decoding=\"async\" width=\"540\" height=\"876\" src=\"https:\/\/shop.joannabilska.pl\/wp-content\/uploads\/Drowning-50x80-1-540x876.jpg\" class=\"attachment-woocommerce_thumbnail size-woocommerce_thumbnail\" alt=\"DROWNING\" srcset=\"https:\/\/shop.joannabilska.pl\/wp-content\/uploads\/Drowning-50x80-1-540x876.jpg 540w, https:\/\/shop.joannabilska.pl\/wp-content\/uploads\/Drowning-50x80-1-185x300.jpg 185w, https:\/\/shop.joannabilska.pl\/wp-content\/uploads\/Drowning-50x80-1-631x1024.jpg 631w, https:\/\/shop.joannabilska.pl\/wp-content\/uploads\/Drowning-50x80-1-768x1246.jpg 768w, https:\/\/shop.joannabilska.pl\/wp-content\/uploads\/Drowning-50x80-1-947x1536.jpg 947w, https:\/\/shop.joannabilska.pl\/wp-content\/uploads\/Drowning-50x80-1-1263x2048.jpg 1263w, https:\/\/shop.joannabilska.pl\/wp-content\/uploads\/Drowning-50x80-1-7x12.jpg 7w, https:\/\/shop.joannabilska.pl\/wp-content\/uploads\/Drowning-50x80-1-580x941.jpg 580w, https:\/\/shop.joannabilska.pl\/wp-content\/uploads\/Drowning-50x80-1-860x1395.jpg 860w, https:\/\/shop.joannabilska.pl\/wp-content\/uploads\/Drowning-50x80-1-1160x1881.jpg 1160w, https:\/\/shop.joannabilska.pl\/wp-content\/uploads\/Drowning-50x80-1-1320x2141.jpg 1320w, https:\/\/shop.joannabilska.pl\/wp-content\/uploads\/Drowning-50x80-1-600x973.jpg 600w, https:\/\/shop.joannabilska.pl\/wp-content\/uploads\/Drowning-50x80-1-scaled.jpg 1578w\" sizes=\"(max-width: 540px) 100vw, 540px\" \/>\t\t\t<\/a>\r\n\t\t\t<span class=\"out-of-stock\" data-no-translation=\"\" data-trp-gettext=\"\">Brak w magazynie<\/span>\t\t<\/figure>\r\n\t\t<div class=\"cmsmasters_product_inner\">\r\n\t\t\t<div class=\"cmsmasters_product_cat entry-meta\"><a href=\"https:\/\/shop.joannabilska.pl\/en\/product-category\/nowosci\/\" class=\"cmsmasters_cat_color cmsmasters_cat_156\" rel=\"category tag\">New<\/a>, <a href=\"https:\/\/shop.joannabilska.pl\/en\/product-category\/kolekcje\/survival-mode-2025\/\" class=\"cmsmasters_cat_color cmsmasters_cat_157\" rel=\"category tag\">Survival Mode 2025<\/a><\/div>\t\t\t<header class=\"cmsmasters_product_header entry-header\">\r\n\t\t\t\t<h3 class=\"cmsmasters_product_title entry-title\">\r\n\t\t\t\t\t<a href=\"https:\/\/shop.joannabilska.pl\/en\/product\/drowning-50x80-abstrakcja-obraz\/\">DROWNING<\/a>\r\n\t\t\t\t<\/h3>\r\n\t\t\t<\/header>\r\n\t\t\t\r\n<div class=\"cmsmasters_star_rating\" itemscope itemtype=\"\/\/schema.org\/AggregateRating\" title=\"Rated 0 out of 5\">\r\n<div class=\"cmsmasters_star_trans_wrap\">\r\n\t<span class=\"cmsmasters_theme_icon_star_empty cmsmasters_star\"><\/span>\r\n\t<span class=\"cmsmasters_theme_icon_star_empty cmsmasters_star\"><\/span>\r\n\t<span class=\"cmsmasters_theme_icon_star_empty cmsmasters_star\"><\/span>\r\n\t<span class=\"cmsmasters_theme_icon_star_empty cmsmasters_star\"><\/span>\r\n\t<span class=\"cmsmasters_theme_icon_star_empty cmsmasters_star\"><\/span>\r\n<\/div>\r\n<div class=\"cmsmasters_star_color_wrap\" data-width=\"width:0%\">\r\n\t<div class=\"cmsmasters_star_color_inner\">\r\n\t\t<span class=\"cmsmasters_theme_icon_star_full cmsmasters_star\"><\/span>\r\n\t\t<span class=\"cmsmasters_theme_icon_star_full cmsmasters_star\"><\/span>\r\n\t\t<span class=\"cmsmasters_theme_icon_star_full cmsmasters_star\"><\/span>\r\n\t\t<span class=\"cmsmasters_theme_icon_star_full cmsmasters_star\"><\/span>\r\n\t\t<span class=\"cmsmasters_theme_icon_star_full cmsmasters_star\"><\/span>\r\n\t<\/div>\r\n<\/div>\r\n<span class=\"rating dn\"><strong itemprop=\"ratingValue\">0<\/strong> out of 5<\/span>\r\n<\/div>\r\n\t\t\t<div class=\"cmsmasters_product_info\">\r\n\t\t\t\n\t<span class=\"price\"><span class=\"woocommerce-Price-amount amount\"><bdi>779,00<span>&nbsp;<span class=\"woocommerce-Price-currencySymbol\">&#122;&#322;<\/span><\/span><\/bdi><\/span><\/span>\n\t\t\t<\/div>\r\n\t\t<\/div>\r\n\t\t\t<\/article>\r\n<\/li><li class=\"product type-product post-15968 status-publish last instock product_cat-duch-lasu has-post-thumbnail sold-individually shipping-taxable purchasable product-type-simple\">\r\n\t<article class=\"cmsmasters_product\">\r\n\t\t\t\t<figure class=\"cmsmasters_product_img\">\r\n\t\t\t<a href=\"https:\/\/shop.joannabilska.pl\/en\/product\/duch-lasu-iv-tancza-wrozki\/\">\r\n\t\t\t\t<img loading=\"lazy\" decoding=\"async\" width=\"540\" height=\"792\" src=\"https:\/\/shop.joannabilska.pl\/wp-content\/uploads\/Duch-Lasu-IV-Tancza-Wrozki-45x65-1-540x792.jpg\" class=\"attachment-woocommerce_thumbnail size-woocommerce_thumbnail\" alt=\"DUCH LASU IV TA\u0143CZ\u0104 WR\u00d3\u017bKI\" srcset=\"https:\/\/shop.joannabilska.pl\/wp-content\/uploads\/Duch-Lasu-IV-Tancza-Wrozki-45x65-1-540x792.jpg 540w, https:\/\/shop.joannabilska.pl\/wp-content\/uploads\/Duch-Lasu-IV-Tancza-Wrozki-45x65-1-600x880.jpg 600w, https:\/\/shop.joannabilska.pl\/wp-content\/uploads\/Duch-Lasu-IV-Tancza-Wrozki-45x65-1-205x300.jpg 205w, https:\/\/shop.joannabilska.pl\/wp-content\/uploads\/Duch-Lasu-IV-Tancza-Wrozki-45x65-1-698x1024.jpg 698w, https:\/\/shop.joannabilska.pl\/wp-content\/uploads\/Duch-Lasu-IV-Tancza-Wrozki-45x65-1-768x1127.jpg 768w, https:\/\/shop.joannabilska.pl\/wp-content\/uploads\/Duch-Lasu-IV-Tancza-Wrozki-45x65-1-8x12.jpg 8w, https:\/\/shop.joannabilska.pl\/wp-content\/uploads\/Duch-Lasu-IV-Tancza-Wrozki-45x65-1-580x851.jpg 580w, https:\/\/shop.joannabilska.pl\/wp-content\/uploads\/Duch-Lasu-IV-Tancza-Wrozki-45x65-1-860x1261.jpg 860w, https:\/\/shop.joannabilska.pl\/wp-content\/uploads\/Duch-Lasu-IV-Tancza-Wrozki-45x65-1.jpg 1024w\" sizes=\"(max-width: 540px) 100vw, 540px\" \/>\t\t\t<\/a>\r\n\t\t\t\t\t<\/figure>\r\n\t\t<div class=\"cmsmasters_product_inner\">\r\n\t\t\t<div class=\"cmsmasters_product_cat entry-meta\"><a href=\"https:\/\/shop.joannabilska.pl\/en\/product-category\/kolekcje\/duch-lasu\/\" class=\"cmsmasters_cat_color cmsmasters_cat_46\" rel=\"category tag\">Spirit of the Forest 2024<\/a><\/div>\t\t\t<header class=\"cmsmasters_product_header entry-header\">\r\n\t\t\t\t<h3 class=\"cmsmasters_product_title entry-title\">\r\n\t\t\t\t\t<a href=\"https:\/\/shop.joannabilska.pl\/en\/product\/duch-lasu-iv-tancza-wrozki\/\">SPIRIT OF THE FOREST IV <br>DANCING FAIRIES<\/a>\r\n\t\t\t\t<\/h3>\r\n\t\t\t<\/header>\r\n\t\t\t\r\n<div class=\"cmsmasters_star_rating\" itemscope itemtype=\"\/\/schema.org\/AggregateRating\" title=\"Rated 0 out of 5\">\r\n<div class=\"cmsmasters_star_trans_wrap\">\r\n\t<span class=\"cmsmasters_theme_icon_star_empty cmsmasters_star\"><\/span>\r\n\t<span class=\"cmsmasters_theme_icon_star_empty cmsmasters_star\"><\/span>\r\n\t<span class=\"cmsmasters_theme_icon_star_empty cmsmasters_star\"><\/span>\r\n\t<span class=\"cmsmasters_theme_icon_star_empty cmsmasters_star\"><\/span>\r\n\t<span class=\"cmsmasters_theme_icon_star_empty cmsmasters_star\"><\/span>\r\n<\/div>\r\n<div class=\"cmsmasters_star_color_wrap\" data-width=\"width:0%\">\r\n\t<div class=\"cmsmasters_star_color_inner\">\r\n\t\t<span class=\"cmsmasters_theme_icon_star_full cmsmasters_star\"><\/span>\r\n\t\t<span class=\"cmsmasters_theme_icon_star_full cmsmasters_star\"><\/span>\r\n\t\t<span class=\"cmsmasters_theme_icon_star_full cmsmasters_star\"><\/span>\r\n\t\t<span class=\"cmsmasters_theme_icon_star_full cmsmasters_star\"><\/span>\r\n\t\t<span class=\"cmsmasters_theme_icon_star_full cmsmasters_star\"><\/span>\r\n\t<\/div>\r\n<\/div>\r\n<span class=\"rating dn\"><strong itemprop=\"ratingValue\">0<\/strong> out of 5<\/span>\r\n<\/div>\r\n\t\t\t<div class=\"cmsmasters_product_info\">\r\n\t\t\t\n\t<span class=\"price\"><span class=\"woocommerce-Price-amount amount\"><bdi>539,00<span>&nbsp;<span class=\"woocommerce-Price-currencySymbol\">&#122;&#322;<\/span><\/span><\/bdi><\/span><\/span>\n<div class=\"button_to_cart_wrap\"><a href=\"\/en\/wp-json\/wp\/v2\/pages\/8?add-to-cart=15968\" data-product_id=\"15968\" data-product_sku=\"K001-P004\" class=\"button_to_cart add_to_cart_button cmsmasters_add_to_cart_button product_type_simple ajax_add_to_cart\" title=\"Add to Cart\"><span>Add to Cart<\/span><\/a><a href=\"https:\/\/shop.joannabilska.pl\/en\/koszyk\/\" class=\"button_to_cart added_to_cart wc-forward\" title=\"View Cart\"><span>View Cart<\/span><\/a><\/div>\t\t\t<\/div>\r\n\t\t<\/div>\r\n\t\t\t<\/article>\r\n<\/li><\/ul>\n<\/div>\t\t\t\t<\/div>\n\t\t\t\t<\/div>\n\t\t\t\t\t<\/div>\n\t\t\t\t<\/div>\n\t\t\t\t<\/div>\n\t\t\n<\/div>\n<\/div>","protected":false},"excerpt":{"rendered":"","protected":false},"author":7,"featured_media":0,"parent":0,"menu_order":0,"comment_status":"closed","ping_status":"closed","template":"","meta":{"footnotes":""},"class_list":["post-8","page","type-page","status-publish","hentry"],"_links":{"self":[{"href":"https:\/\/shop.joannabilska.pl\/en\/wp-json\/wp\/v2\/pages\/8","targetHints":{"allow":["GET"]}}],"collection":[{"href":"https:\/\/shop.joannabilska.pl\/en\/wp-json\/wp\/v2\/pages"}],"about":[{"href":"https:\/\/shop.joannabilska.pl\/en\/wp-json\/wp\/v2\/types\/page"}],"author":[{"embeddable":true,"href":"https:\/\/shop.joannabilska.pl\/en\/wp-json\/wp\/v2\/users\/7"}],"replies":[{"embeddable":true,"href":"https:\/\/shop.joannabilska.pl\/en\/wp-json\/wp\/v2\/comments?post=8"}],"version-history":[{"count":11,"href":"https:\/\/shop.joannabilska.pl\/en\/wp-json\/wp\/v2\/pages\/8\/revisions"}],"predecessor-version":[{"id":16944,"href":"https:\/\/shop.joannabilska.pl\/en\/wp-json\/wp\/v2\/pages\/8\/revisions\/16944"}],"wp:attachment":[{"href":"https:\/\/shop.joannabilska.pl\/en\/wp-json\/wp\/v2\/media?parent=8"}],"curies":[{"name":"wp","href":"https:\/\/api.w.org\/{rel}","templated":true}]}}