{"id":16993,"date":"2025-08-07T11:01:38","date_gmt":"2025-08-07T11:01:38","guid":{"rendered":"https:\/\/shop.joannabilska.pl\/?post_type=product&#038;p=16993"},"modified":"2025-08-07T11:01:38","modified_gmt":"2025-08-07T11:01:38","slug":"morska-piesn","status":"publish","type":"product","link":"https:\/\/shop.joannabilska.pl\/en\/product\/morska-piesn\/","title":{"rendered":"MORSKA PIE\u015a\u0143"},"content":{"rendered":"<p>Obraz abstrakcyjny malowany farbami akrylowymi na p\u0142\u00f3tnie bawe\u0142nianym polskiej produkcji. Zabezpieczony werniksem. Sygnowany z boku podobrazia i z ty\u0142u. Boki s\u0105 przed\u0142u\u017ceniem obrazu, gotowy do powieszenia bez ramy.<\/p>\n<p>Certificate of authenticity in Polish is included.<\/p>\n<p>Tytu\u0142: Morska Pie\u015b\u0144<br \/>\nAuthor: Joanna Bilska<br \/>\nSize: 45 x 65cm<br \/>\nYear: 2024<\/p>","protected":false},"excerpt":{"rendered":"<p>Morska Pie\u015b\u0144. Ultramaryna zielona po\u0142\u0105czona ze z\u0142otem delikatnie faluje, niczym morskie ro\u015bliny, prowadzone muzyk\u0105 \u017cywio\u0142u&#8230;<\/p>","protected":false},"featured_media":16994,"template":"","meta":[],"product_brand":[],"product_cat":[52],"product_tag":[],"class_list":{"0":"post-16993","1":"product","2":"type-product","3":"status-publish","4":"has-post-thumbnail","6":"product_cat-brak-kolekcji","8":"first","9":"instock","10":"sold-individually","11":"shipping-taxable","12":"purchasable","13":"product-type-simple"},"_links":{"self":[{"href":"https:\/\/shop.joannabilska.pl\/en\/wp-json\/wp\/v2\/product\/16993","targetHints":{"allow":["GET"]}}],"collection":[{"href":"https:\/\/shop.joannabilska.pl\/en\/wp-json\/wp\/v2\/product"}],"about":[{"href":"https:\/\/shop.joannabilska.pl\/en\/wp-json\/wp\/v2\/types\/product"}],"version-history":[{"count":1,"href":"https:\/\/shop.joannabilska.pl\/en\/wp-json\/wp\/v2\/product\/16993\/revisions"}],"predecessor-version":[{"id":17004,"href":"https:\/\/shop.joannabilska.pl\/en\/wp-json\/wp\/v2\/product\/16993\/revisions\/17004"}],"wp:featuredmedia":[{"embeddable":true,"href":"https:\/\/shop.joannabilska.pl\/en\/wp-json\/wp\/v2\/media\/16994"}],"wp:attachment":[{"href":"https:\/\/shop.joannabilska.pl\/en\/wp-json\/wp\/v2\/media?parent=16993"}],"wp:term":[{"taxonomy":"product_brand","embeddable":true,"href":"https:\/\/shop.joannabilska.pl\/en\/wp-json\/wp\/v2\/product_brand?post=16993"},{"taxonomy":"product_cat","embeddable":true,"href":"https:\/\/shop.joannabilska.pl\/en\/wp-json\/wp\/v2\/product_cat?post=16993"},{"taxonomy":"product_tag","embeddable":true,"href":"https:\/\/shop.joannabilska.pl\/en\/wp-json\/wp\/v2\/product_tag?post=16993"}],"curies":[{"name":"wp","href":"https:\/\/api.w.org\/{rel}","templated":true}]}}