{"id":17108,"date":"2025-08-11T17:21:10","date_gmt":"2025-08-11T17:21:10","guid":{"rendered":"https:\/\/shop.joannabilska.pl\/?post_type=product&#038;p=17108"},"modified":"2026-03-20T13:35:44","modified_gmt":"2026-03-20T13:35:44","slug":"skupienie","status":"publish","type":"product","link":"https:\/\/shop.joannabilska.pl\/en\/product\/skupienie\/","title":{"rendered":"SKUPIENIE"},"content":{"rendered":"<p class=\"desc-p\" data-pm-slice=\"1 1 []\">Obraz malowany farbami akrylowymi na dobrej jako\u015bci podobraziu bawe\u0142nianym, zabezpieczony werniksem z po\u0142yskiem. Zastosowa\u0142am tutaj technik\u0119 pouringu, czyli manipulacj\u0119 farbami w ich p\u0142ynnym stanie. Sygnowany z boku podobrazia i z ty\u0142u. Boki s\u0105 przed\u0142u\u017ceniem obrazu, gotowy do powieszenia bez ramy.<\/p>\n<p class=\"desc-p\" data-pm-slice=\"1 1 []\">\nCertificate of authenticity in Polish is included.<\/p>\n<p>Tytu\u0142: SKUPIENIE<br \/>\nAuthor: Joanna Bilska<br \/>\nSize: 35x80 cm<br \/>\nYear: 2021<\/p>","protected":false},"excerpt":{"rendered":"<p>Obraz malowany farbami akrylowymi na dobrej jako\u015bci podobraziu bawe\u0142nianym, zabezpieczony werniksem z po\u0142yskiem. Zastosowa\u0142am tutaj technik\u0119 pouringu, czyli manipulacj\u0119 farbami w ich p\u0142ynnym stanie. Sygnowany z boku podobrazia i z ty\u0142u. Boki s\u0105 przed\u0142u\u017ceniem obrazu, gotowy do powieszenia bez ramy. Do\u0142\u0105czony certyfikat autentyczno\u015bci. Tytu\u0142: SKUPIENIE Autor: Joanna Bilska Wymiary: 35&#215;80 cm Rok: 2021<\/p>","protected":false},"featured_media":17112,"template":"","meta":[],"product_brand":[],"product_cat":[52,74],"product_tag":[],"class_list":{"0":"post-17108","1":"product","2":"type-product","3":"status-publish","4":"has-post-thumbnail","6":"product_cat-brak-kolekcji","7":"product_cat-wyprzedane","9":"first","10":"outofstock","11":"sold-individually","12":"shipping-taxable","13":"purchasable","14":"product-type-simple"},"_links":{"self":[{"href":"https:\/\/shop.joannabilska.pl\/en\/wp-json\/wp\/v2\/product\/17108","targetHints":{"allow":["GET"]}}],"collection":[{"href":"https:\/\/shop.joannabilska.pl\/en\/wp-json\/wp\/v2\/product"}],"about":[{"href":"https:\/\/shop.joannabilska.pl\/en\/wp-json\/wp\/v2\/types\/product"}],"version-history":[{"count":1,"href":"https:\/\/shop.joannabilska.pl\/en\/wp-json\/wp\/v2\/product\/17108\/revisions"}],"predecessor-version":[{"id":17115,"href":"https:\/\/shop.joannabilska.pl\/en\/wp-json\/wp\/v2\/product\/17108\/revisions\/17115"}],"wp:featuredmedia":[{"embeddable":true,"href":"https:\/\/shop.joannabilska.pl\/en\/wp-json\/wp\/v2\/media\/17112"}],"wp:attachment":[{"href":"https:\/\/shop.joannabilska.pl\/en\/wp-json\/wp\/v2\/media?parent=17108"}],"wp:term":[{"taxonomy":"product_brand","embeddable":true,"href":"https:\/\/shop.joannabilska.pl\/en\/wp-json\/wp\/v2\/product_brand?post=17108"},{"taxonomy":"product_cat","embeddable":true,"href":"https:\/\/shop.joannabilska.pl\/en\/wp-json\/wp\/v2\/product_cat?post=17108"},{"taxonomy":"product_tag","embeddable":true,"href":"https:\/\/shop.joannabilska.pl\/en\/wp-json\/wp\/v2\/product_tag?post=17108"}],"curies":[{"name":"wp","href":"https:\/\/api.w.org\/{rel}","templated":true}]}}