{"id":17175,"date":"2025-08-27T11:34:07","date_gmt":"2025-08-27T11:34:07","guid":{"rendered":"https:\/\/shop.joannabilska.pl\/?post_type=product&#038;p=17175"},"modified":"2025-09-16T15:19:35","modified_gmt":"2025-09-16T15:19:35","slug":"zachod-slonca-nad-lasem","status":"publish","type":"product","link":"https:\/\/shop.joannabilska.pl\/en\/product\/zachod-slonca-nad-lasem\/","title":{"rendered":"Sunset Over the Forest"},"content":{"rendered":"<p>An abstract painting created with acrylic paints and acrylic ink on a round wooden canvas made in Poland. Protected with varnish. Signed on the side and back of the canvas (the title of the painting will be added). The sides are a continuation of the artwork, ready to hang without a frame.<\/p>\n<p>Certificate of authenticity in Polish is included.<\/p>\n<p>Title: Sunset Over the Forest<br \/>\nAuthor: Joanna Bilska<br \/>\nSize: \u00d8 50 cm<br \/>\nYear: 2025<\/p>","protected":false},"excerpt":{"rendered":"<p>Obraz abstrakcyjny malowany farbami akrylowymi i tuszem akrylowym na okr\u0105g\u0142ym podobraziu drewnianym polskiej produkcji. Zabezpieczony werniksem. Sygnowany z boku podobrazia i z ty\u0142u (tytu\u0142 obrazu zostanie dopisany). Boki s\u0105 przed\u0142u\u017ceniem obrazu, gotowy do powieszenia bez ramy. Do\u0142\u0105czony certyfikat autentyczno\u015bci. Tytu\u0142: Zach\u00f3d S\u0142o\u0144ca Nad Lasem Autor: Joanna Bilska Wymiary: \u00d8 50 cm Rok: 2025<\/p>","protected":false},"featured_media":17176,"template":"","meta":[],"product_brand":[],"product_cat":[52],"product_tag":[],"class_list":{"0":"post-17175","1":"product","2":"type-product","3":"status-publish","4":"has-post-thumbnail","6":"product_cat-brak-kolekcji","8":"first","9":"instock","10":"sold-individually","11":"shipping-taxable","12":"purchasable","13":"product-type-simple"},"_links":{"self":[{"href":"https:\/\/shop.joannabilska.pl\/en\/wp-json\/wp\/v2\/product\/17175","targetHints":{"allow":["GET"]}}],"collection":[{"href":"https:\/\/shop.joannabilska.pl\/en\/wp-json\/wp\/v2\/product"}],"about":[{"href":"https:\/\/shop.joannabilska.pl\/en\/wp-json\/wp\/v2\/types\/product"}],"version-history":[{"count":2,"href":"https:\/\/shop.joannabilska.pl\/en\/wp-json\/wp\/v2\/product\/17175\/revisions"}],"predecessor-version":[{"id":17186,"href":"https:\/\/shop.joannabilska.pl\/en\/wp-json\/wp\/v2\/product\/17175\/revisions\/17186"}],"wp:featuredmedia":[{"embeddable":true,"href":"https:\/\/shop.joannabilska.pl\/en\/wp-json\/wp\/v2\/media\/17176"}],"wp:attachment":[{"href":"https:\/\/shop.joannabilska.pl\/en\/wp-json\/wp\/v2\/media?parent=17175"}],"wp:term":[{"taxonomy":"product_brand","embeddable":true,"href":"https:\/\/shop.joannabilska.pl\/en\/wp-json\/wp\/v2\/product_brand?post=17175"},{"taxonomy":"product_cat","embeddable":true,"href":"https:\/\/shop.joannabilska.pl\/en\/wp-json\/wp\/v2\/product_cat?post=17175"},{"taxonomy":"product_tag","embeddable":true,"href":"https:\/\/shop.joannabilska.pl\/en\/wp-json\/wp\/v2\/product_tag?post=17175"}],"curies":[{"name":"wp","href":"https:\/\/api.w.org\/{rel}","templated":true}]}}