{"id":17194,"date":"2025-09-16T15:15:41","date_gmt":"2025-09-16T15:15:41","guid":{"rendered":"https:\/\/shop.joannabilska.pl\/?post_type=product&#038;p=17194"},"modified":"2025-11-05T10:15:19","modified_gmt":"2025-11-05T10:15:19","slug":"in-my-darkest-moments","status":"publish","type":"product","link":"https:\/\/shop.joannabilska.pl\/en\/product\/in-my-darkest-moments\/","title":{"rendered":"In My Darkest Moments"},"content":{"rendered":"<p>&nbsp;<\/p>\n<p>Kolekcja Survival Mode to historia trudnego okresu w \u017cyciu, kt\u00f3rego do\u015bwiadcza wiele z nas. W niekt\u00f3rych momentach trudno nam si\u0119 odnale\u017a\u0107, nie nad\u0105\u017camy i nie czujemy, \u017ce jeste\u015bmy wystarczaj\u0105ce. Nat\u0142ok wydarze\u0144 i obowi\u0105zk\u00f3w, czyli tego wszystkiego, co na zewn\u0105trz, nie pozwala pos\u0142ucha\u0107 swojego \u015brodka. Permanentne przebod\u017acowanie i nami\u0119tno\u015b\u0107 do spe\u0142niania oczekiwa\u0144 z zewn\u0105trz, spalaj\u0105 nas od wewn\u0105trz. Czasem nie wiemy ju\u017c, jaki sens ma to \u017cycie. Ta kolekcja to zapis etap\u00f3w, kt\u00f3rych do\u015bwiadczy\u0142am, b\u0119d\u0105c przez wiele lat w trybie przetrwania. G\u0142\u0119boko wierz\u0119, \u017ce jest to stan, z kt\u00f3rego mo\u017cemy wyj\u015b\u0107.<\/p>\n<p>Pierwszy z serii obraz to abstrakcja na solidnym podobraziu 80\u00d780 cm. T\u0142em jest szpachla w kolorze ciemnego grafitu, mieni\u0105ca si\u0119 mik\u0105, na kt\u00f3rej ta\u0144cz\u0105 ciemne kolory, gdzieniegdzie poprzetykane ledwo widocznym \u017c\u00f3\u0142tym i czerwonym. Sygnowany i zabezpieczony werniksem.<br \/>\nCertificate of authenticity in Polish is included.<\/p>\n<p>&nbsp;<\/p>","protected":false},"excerpt":{"rendered":"<p>IN MY DARKEST MOMENTS.<br \/>\n<em>W samym \u015brodku najgorszego uczucia w Twoim \u017cyciu, siedzisz.<\/em><br \/>\n<em>Zastygasz. Toniesz. Bez powietrza. Czas staje. Wszystko jest ciemne, ci\u0119\u017ckie, lepkie i trudne.<\/em><br \/>\n<em>My\u015bli kr\u0105\u017c\u0105, pr\u00f3buj\u0105 zapali\u0107 iskr\u0119 tu i tam, ale ka\u017cda pr\u00f3ba zostaje zduszona silniejsz\u0105 si\u0142\u0105. \u017badne rozproszenie ju\u017c nie dzia\u0142a \u2013 ani telefon, ani serial, ani \u017cadna substancja nie przychodzi z fa\u0142szyw\u0105 pomoc\u0105. Zag\u0142\u0119biasz si\u0119 w tej ci\u0119\u017cko\u015bci, g\u0142\u0119biej i g\u0142\u0119biej. Oddychasz ni\u0105, otwierasz si\u0119 na ni\u0105, otwierasz si\u0119 \u017ceby czu\u0107 j\u0105 ca\u0142ym cia\u0142em. Pozwalasz jej by\u0107.<\/em><br \/>\n<em>Bo jedyn\u0105 drog\u0105 wyj\u015bcia jest przej\u015bcie.<\/em><\/p>","protected":false},"featured_media":17197,"template":"","meta":[],"product_brand":[],"product_cat":[156,157],"product_tag":[],"class_list":{"0":"post-17194","1":"product","2":"type-product","3":"status-publish","4":"has-post-thumbnail","6":"product_cat-nowosci","7":"product_cat-survival-mode-2025","9":"first","10":"outofstock","11":"sold-individually","12":"shipping-taxable","13":"purchasable","14":"product-type-simple"},"_links":{"self":[{"href":"https:\/\/shop.joannabilska.pl\/en\/wp-json\/wp\/v2\/product\/17194","targetHints":{"allow":["GET"]}}],"collection":[{"href":"https:\/\/shop.joannabilska.pl\/en\/wp-json\/wp\/v2\/product"}],"about":[{"href":"https:\/\/shop.joannabilska.pl\/en\/wp-json\/wp\/v2\/types\/product"}],"version-history":[{"count":2,"href":"https:\/\/shop.joannabilska.pl\/en\/wp-json\/wp\/v2\/product\/17194\/revisions"}],"predecessor-version":[{"id":17205,"href":"https:\/\/shop.joannabilska.pl\/en\/wp-json\/wp\/v2\/product\/17194\/revisions\/17205"}],"wp:featuredmedia":[{"embeddable":true,"href":"https:\/\/shop.joannabilska.pl\/en\/wp-json\/wp\/v2\/media\/17197"}],"wp:attachment":[{"href":"https:\/\/shop.joannabilska.pl\/en\/wp-json\/wp\/v2\/media?parent=17194"}],"wp:term":[{"taxonomy":"product_brand","embeddable":true,"href":"https:\/\/shop.joannabilska.pl\/en\/wp-json\/wp\/v2\/product_brand?post=17194"},{"taxonomy":"product_cat","embeddable":true,"href":"https:\/\/shop.joannabilska.pl\/en\/wp-json\/wp\/v2\/product_cat?post=17194"},{"taxonomy":"product_tag","embeddable":true,"href":"https:\/\/shop.joannabilska.pl\/en\/wp-json\/wp\/v2\/product_tag?post=17194"}],"curies":[{"name":"wp","href":"https:\/\/api.w.org\/{rel}","templated":true}]}}