{"id":17214,"date":"2025-09-18T08:15:56","date_gmt":"2025-09-18T08:15:56","guid":{"rendered":"https:\/\/shop.joannabilska.pl\/?post_type=product&#038;p=17214"},"modified":"2025-11-05T10:15:18","modified_gmt":"2025-11-05T10:15:18","slug":"the-loop","status":"publish","type":"product","link":"https:\/\/shop.joannabilska.pl\/en\/product\/the-loop\/","title":{"rendered":"THE LOOP"},"content":{"rendered":"<div class=\"ades\">The Loop to czarno-bia\u0142e, p\u0119dz\u0105ce ko\u0142o, gdzie r\u0119czne, precyzyjne przeci\u0105gni\u0119cia jednego koloru po drugim tworz\u0105 rodzaj ko\u0142owrotka. To metafora potocznego biegu chomika, ale tym razem to nie bieg po karier\u0119, ale obracanie si\u0119 w kole tych samych emocji i my\u015bli. Sinusoida nastroj\u00f3w, raz na wozie a raz pod nim, raz na powierzchni, a za chwil\u0119 zn\u00f3w pod wod\u0105. To obraz fazy, w kt\u00f3rej cykl sie powtarza.<\/p>\n<p>Kolekcja Survival Mode to historia trudnego okresu w \u017cyciu, kt\u00f3rego do\u015bwiadcza wiele z nas. W niekt\u00f3rych momentach trudno nam si\u0119 odnale\u017a\u0107, nie nad\u0105\u017camy i nie czujemy, \u017ce jeste\u015bmy wystarczaj\u0105ce. Nat\u0142ok wydarze\u0144 i obowi\u0105zk\u00f3w, czyli tego wszystkiego, co na zewn\u0105trz, nie pozwala pos\u0142ucha\u0107 swojego \u015brodka. Permanentne przebod\u017acowanie i nami\u0119tno\u015b\u0107 do spe\u0142niania oczekiwa\u0144 z zewn\u0105trz, spalaj\u0105 nas od wewn\u0105trz. Czasem nie wiemy ju\u017c, jaki sens ma to \u017cycie. Gubimy sens tego, do czego d\u0105\u017cymy. Ta kolekcja to zapis etap\u00f3w, kt\u00f3rych do\u015bwiadczy\u0142am, b\u0119d\u0105c przez wiele lat w trybie przetrwania. G\u0142\u0119boko wierz\u0119, \u017ce jest to stan, z kt\u00f3rego mo\u017cemy wyj\u015b\u0107.<\/p>\n<p>Wymiary 50\u00d780 cm. Sygnowany jest inicja\u0142ami w prawym dolnym rogu, rokiem z boku oraz podpisany tytu\u0142em, nazwiskiem i rokiem z ty\u0142u. Zabezpieczony werniksem. Do\u0142\u0105czony certyfikat autentyczno\u015bci.<\/p><\/div>","protected":false},"excerpt":{"rendered":"<p>Tkwisz w b\u0142\u0119dnym kole, z kt\u00f3rego nie ma wyj\u015bcia. \u0141udzisz si\u0119, \u017ce co\u015b jest na ko\u0144cu, ale to nie tak zosta\u0142o zaprojektowane. Je\u015bli chcesz co\u015b zmieni\u0107, musisz \u015bwiadomie zrobi\u0107 to sama. Do tego czasu mo\u017cesz jedynie obserwowa\u0107 jak powtarza si\u0119 ten sam cykl\u2026<\/p>","protected":false},"featured_media":17215,"template":"","meta":[],"product_brand":[],"product_cat":[156,157],"product_tag":[],"class_list":{"0":"post-17214","1":"product","2":"type-product","3":"status-publish","4":"has-post-thumbnail","6":"product_cat-nowosci","7":"product_cat-survival-mode-2025","9":"first","10":"outofstock","11":"sold-individually","12":"shipping-taxable","13":"purchasable","14":"product-type-simple"},"_links":{"self":[{"href":"https:\/\/shop.joannabilska.pl\/en\/wp-json\/wp\/v2\/product\/17214","targetHints":{"allow":["GET"]}}],"collection":[{"href":"https:\/\/shop.joannabilska.pl\/en\/wp-json\/wp\/v2\/product"}],"about":[{"href":"https:\/\/shop.joannabilska.pl\/en\/wp-json\/wp\/v2\/types\/product"}],"version-history":[{"count":2,"href":"https:\/\/shop.joannabilska.pl\/en\/wp-json\/wp\/v2\/product\/17214\/revisions"}],"predecessor-version":[{"id":17226,"href":"https:\/\/shop.joannabilska.pl\/en\/wp-json\/wp\/v2\/product\/17214\/revisions\/17226"}],"wp:featuredmedia":[{"embeddable":true,"href":"https:\/\/shop.joannabilska.pl\/en\/wp-json\/wp\/v2\/media\/17215"}],"wp:attachment":[{"href":"https:\/\/shop.joannabilska.pl\/en\/wp-json\/wp\/v2\/media?parent=17214"}],"wp:term":[{"taxonomy":"product_brand","embeddable":true,"href":"https:\/\/shop.joannabilska.pl\/en\/wp-json\/wp\/v2\/product_brand?post=17214"},{"taxonomy":"product_cat","embeddable":true,"href":"https:\/\/shop.joannabilska.pl\/en\/wp-json\/wp\/v2\/product_cat?post=17214"},{"taxonomy":"product_tag","embeddable":true,"href":"https:\/\/shop.joannabilska.pl\/en\/wp-json\/wp\/v2\/product_tag?post=17214"}],"curies":[{"name":"wp","href":"https:\/\/api.w.org\/{rel}","templated":true}]}}