{"id":17239,"date":"2025-10-03T09:09:47","date_gmt":"2025-10-03T09:09:47","guid":{"rendered":"https:\/\/shop.joannabilska.pl\/?post_type=product&#038;p=17239"},"modified":"2025-11-05T10:15:18","modified_gmt":"2025-11-05T10:15:18","slug":"drowning-50x80-abstrakcja-obraz","status":"publish","type":"product","link":"https:\/\/shop.joannabilska.pl\/en\/product\/drowning-50x80-abstrakcja-obraz\/","title":{"rendered":"DROWNING"},"content":{"rendered":"<div class=\"ades\">\n<div class=\"ades\">\n<p>Obraz ukazuje moment, kiedy w lustro wody uderza co\u015b ci\u0119\u017ckiego i tonie. Woda wok\u00f3\u0142 nabiera p\u0119cherzyk\u00f3w powietrza w wyniku dynamicznego ruchu. Ca\u0142o\u015b\u0107 to obraz osoby ton\u0105cej, metafora momentu, kiedy nie mo\u017cemy sobie poradzi\u0107 z rzeczywisto\u015bci\u0105 i pogr\u0105\u017camy si\u0119 w odm\u0119tach w\u0142asnych, ci\u0119\u017ckich my\u015bli i przeci\u0105ganych do\u015bwiadczeniem uczu\u0107.<\/p>\n<p>Kolekcja Survival Mode to historia trudnego okresu w \u017cyciu, kt\u00f3rego do\u015bwiadcza wiele z nas. W niekt\u00f3rych momentach trudno nam si\u0119 odnale\u017a\u0107, nie nad\u0105\u017camy i nie czujemy, \u017ce jeste\u015bmy wystarczaj\u0105ce. Nat\u0142ok wydarze\u0144 i obowi\u0105zk\u00f3w, czyli tego wszystkiego, co na zewn\u0105trz, nie pozwala pos\u0142ucha\u0107 swojego \u015brodka. Permanentne przebod\u017acowanie i nami\u0119tno\u015b\u0107 do spe\u0142niania oczekiwa\u0144 z zewn\u0105trz, spalaj\u0105 nas od wewn\u0105trz. Czasem nie wiemy ju\u017c, jaki sens ma to \u017cycie. Gubimy sens tego, do czego d\u0105\u017cymy. Ta kolekcja to zapis etap\u00f3w, kt\u00f3rych do\u015bwiadczy\u0142am, b\u0119d\u0105c przez wiele lat w trybie przetrwania. G\u0142\u0119boko wierz\u0119, \u017ce jest to stan, z kt\u00f3rego mo\u017cemy wyj\u015b\u0107.<\/p>\n<p>Wymiary 50\u00d780 cm. Kolory: czer\u0144 i biel. Obraz sygnowany jest inicja\u0142ami w prawym dolnym rogu, rokiem z boku oraz podpisany tytu\u0142em, nazwiskiem i rokiem z ty\u0142u. Zabezpieczony jest werniksem. Do\u0142\u0105czony certyfikat autentyczno\u015bci.<\/p>\n<\/div>\n<\/div>","protected":false},"excerpt":{"rendered":"<p>W przyp\u0142ywie tej samej ci\u0119\u017cko\u015bci, zn\u00f3w toniesz. Pragniesz powietrza, mocno p\u0142yniesz ku powierzchni, ale co\u015b kolejny raz \u0142apie Twoje stopy. Nie mo\u017cesz si\u0119 przebi\u0107. Tu i \u00f3wdzie \u0142apiesz \u0142yk powietrza. Tu czy tam fala si\u0119 obni\u017ca i widzisz l\u0105d. Ale to jeszcze za ma\u0142o, by dop\u0142yn\u0105\u0107..<\/p>","protected":false},"featured_media":17240,"template":"","meta":[],"product_brand":[],"product_cat":[156,157],"product_tag":[],"class_list":{"0":"post-17239","1":"product","2":"type-product","3":"status-publish","4":"has-post-thumbnail","6":"product_cat-nowosci","7":"product_cat-survival-mode-2025","9":"first","10":"outofstock","11":"sold-individually","12":"shipping-taxable","13":"purchasable","14":"product-type-simple"},"_links":{"self":[{"href":"https:\/\/shop.joannabilska.pl\/en\/wp-json\/wp\/v2\/product\/17239","targetHints":{"allow":["GET"]}}],"collection":[{"href":"https:\/\/shop.joannabilska.pl\/en\/wp-json\/wp\/v2\/product"}],"about":[{"href":"https:\/\/shop.joannabilska.pl\/en\/wp-json\/wp\/v2\/types\/product"}],"version-history":[{"count":3,"href":"https:\/\/shop.joannabilska.pl\/en\/wp-json\/wp\/v2\/product\/17239\/revisions"}],"predecessor-version":[{"id":17252,"href":"https:\/\/shop.joannabilska.pl\/en\/wp-json\/wp\/v2\/product\/17239\/revisions\/17252"}],"wp:featuredmedia":[{"embeddable":true,"href":"https:\/\/shop.joannabilska.pl\/en\/wp-json\/wp\/v2\/media\/17240"}],"wp:attachment":[{"href":"https:\/\/shop.joannabilska.pl\/en\/wp-json\/wp\/v2\/media?parent=17239"}],"wp:term":[{"taxonomy":"product_brand","embeddable":true,"href":"https:\/\/shop.joannabilska.pl\/en\/wp-json\/wp\/v2\/product_brand?post=17239"},{"taxonomy":"product_cat","embeddable":true,"href":"https:\/\/shop.joannabilska.pl\/en\/wp-json\/wp\/v2\/product_cat?post=17239"},{"taxonomy":"product_tag","embeddable":true,"href":"https:\/\/shop.joannabilska.pl\/en\/wp-json\/wp\/v2\/product_tag?post=17239"}],"curies":[{"name":"wp","href":"https:\/\/api.w.org\/{rel}","templated":true}]}}