{"id":17253,"date":"2025-10-03T09:19:52","date_gmt":"2025-10-03T09:19:52","guid":{"rendered":"https:\/\/shop.joannabilska.pl\/?post_type=product&#038;p=17253"},"modified":"2025-11-05T10:15:17","modified_gmt":"2025-11-05T10:15:17","slug":"ashes-within","status":"publish","type":"product","link":"https:\/\/shop.joannabilska.pl\/en\/product\/ashes-within\/","title":{"rendered":"ASHES WITHIN"},"content":{"rendered":"<div class=\"ades\">\n<div class=\"ades\">\n<p>To abstrakcja akrylowa z u\u017cyciem szpachli. Kolory \u2013 z\u0142amana biel, czer\u0144, ceg\u0142a. Ca\u0142o\u015b\u0107 posypana prawdziwym popio\u0142em i pokryta werniksem. Podejmujemy pr\u00f3by wej\u015bcia z powrotem w nasz\u0105 moc, ale spalaj\u0105 one na panewce\u2026 Ten obraz to symbol kilku takich pr\u00f3b, po kt\u00f3rych wewn\u0105trz mamy tylko popi\u00f3\u0142, mimo wszystko na tych zgliszczach ci\u0105gle co\u015b pr\u00f3bujemy rozpali\u0107. Poci\u0105gni\u0119cia szpachl\u0105 s\u0105 surowe, a popi\u00f3\u0142 mi\u0119kki, roz\u015bwietlony gdzieniegdzie grafitow\u0105 mik\u0105.<\/p>\n<p>Kolekcja Survival Mode to historia trudnego okresu w \u017cyciu, kt\u00f3rego do\u015bwiadcza wiele z nas. W niekt\u00f3rych momentach trudno nam si\u0119 odnale\u017a\u0107, nie nad\u0105\u017camy i nie czujemy, \u017ce jeste\u015bmy wystarczaj\u0105ce. Nat\u0142ok wydarze\u0144 i obowi\u0105zk\u00f3w, czyli tego wszystkiego, co na zewn\u0105trz, nie pozwala pos\u0142ucha\u0107 swojego \u015brodka. Permanentne przebod\u017acowanie i nami\u0119tno\u015b\u0107 do spe\u0142niania oczekiwa\u0144 z zewn\u0105trz, spalaj\u0105 nas od wewn\u0105trz. Czasem nie wiemy ju\u017c, jaki sens ma to \u017cycie. Gubimy sens tego, do czego d\u0105\u017cymy. Ta kolekcja to zapis etap\u00f3w, kt\u00f3rych do\u015bwiadczy\u0142am, b\u0119d\u0105c przez wiele lat w trybie przetrwania. G\u0142\u0119boko wierz\u0119, \u017ce jest to stan, z kt\u00f3rego mo\u017cemy wyj\u015b\u0107.<\/p>\n<p>Wymiary 50\u00d780 cm. Obraz sygnowany jest inicja\u0142ami w prawym dolnym rogu, rokiem z boku oraz podpisany tytu\u0142em, nazwiskiem i rokiem z ty\u0142u. Do\u0142\u0105czony certyfikat autentyczno\u015bci.<\/p>\n<\/div>\n<\/div>","protected":false},"excerpt":{"rendered":"<p>Do czego\u015b si\u0119 zapalasz, ale zaraz ga\u015bniesz. Tw\u00f3j zapa\u0142 jest chwilowy jak ogie\u0144 zapa\u0142ki. A potem idea dogasa we wn\u0119trzu jak pozostawione ognisko, gdzie do rana wszystko jest ju\u017c zimne. Wsz\u0119dzie tylko popi\u00f3\u0142\u2026<\/p>","protected":false},"featured_media":17260,"template":"","meta":[],"product_brand":[],"product_cat":[156,157],"product_tag":[],"class_list":{"0":"post-17253","1":"product","2":"type-product","3":"status-publish","4":"has-post-thumbnail","6":"product_cat-nowosci","7":"product_cat-survival-mode-2025","9":"first","10":"outofstock","11":"sold-individually","12":"shipping-taxable","13":"purchasable","14":"product-type-simple"},"_links":{"self":[{"href":"https:\/\/shop.joannabilska.pl\/en\/wp-json\/wp\/v2\/product\/17253","targetHints":{"allow":["GET"]}}],"collection":[{"href":"https:\/\/shop.joannabilska.pl\/en\/wp-json\/wp\/v2\/product"}],"about":[{"href":"https:\/\/shop.joannabilska.pl\/en\/wp-json\/wp\/v2\/types\/product"}],"version-history":[{"count":2,"href":"https:\/\/shop.joannabilska.pl\/en\/wp-json\/wp\/v2\/product\/17253\/revisions"}],"predecessor-version":[{"id":17264,"href":"https:\/\/shop.joannabilska.pl\/en\/wp-json\/wp\/v2\/product\/17253\/revisions\/17264"}],"wp:featuredmedia":[{"embeddable":true,"href":"https:\/\/shop.joannabilska.pl\/en\/wp-json\/wp\/v2\/media\/17260"}],"wp:attachment":[{"href":"https:\/\/shop.joannabilska.pl\/en\/wp-json\/wp\/v2\/media?parent=17253"}],"wp:term":[{"taxonomy":"product_brand","embeddable":true,"href":"https:\/\/shop.joannabilska.pl\/en\/wp-json\/wp\/v2\/product_brand?post=17253"},{"taxonomy":"product_cat","embeddable":true,"href":"https:\/\/shop.joannabilska.pl\/en\/wp-json\/wp\/v2\/product_cat?post=17253"},{"taxonomy":"product_tag","embeddable":true,"href":"https:\/\/shop.joannabilska.pl\/en\/wp-json\/wp\/v2\/product_tag?post=17253"}],"curies":[{"name":"wp","href":"https:\/\/api.w.org\/{rel}","templated":true}]}}