{"id":17265,"date":"2025-10-03T10:21:17","date_gmt":"2025-10-03T10:21:17","guid":{"rendered":"https:\/\/shop.joannabilska.pl\/?post_type=product&#038;p=17265"},"modified":"2025-11-05T10:15:17","modified_gmt":"2025-11-05T10:15:17","slug":"breaking-point","status":"publish","type":"product","link":"https:\/\/shop.joannabilska.pl\/en\/product\/breaking-point\/","title":{"rendered":"BREAKING POINT"},"content":{"rendered":"<div class=\"ades\">\n<div class=\"ades\">\n<div class=\"ades\">To obraz akrylowy z u\u017cyciem techniki pouringu. Kszta\u0142t w centrum przebity jest niebiesko\u015bci\u0105 w dw\u00f3ch miejscach &#8211; to symbol czego\u015b, co p\u0119k\u0142o, przela\u0142o si\u0119 przez granice. To ksztat\u0142, kt\u00f3rego nie da si\u0119 ju\u017c posk\u0142ada\u0107. To metafora momentu, tego apogeum, kt\u00f3re osi\u0105gamy, kiedy ostatnia kropla przelewa czar\u0119.<\/p>\n<p>Kolekcja Survival Mode to historia trudnego okresu w \u017cyciu, kt\u00f3rego do\u015bwiadcza wiele z nas. W niekt\u00f3rych momentach trudno nam si\u0119 odnale\u017a\u0107, nie nad\u0105\u017camy i nie czujemy, \u017ce jeste\u015bmy wystarczaj\u0105ce. Nat\u0142ok wydarze\u0144 i obowi\u0105zk\u00f3w, czyli tego wszystkiego, co na zewn\u0105trz, nie pozwala pos\u0142ucha\u0107 swojego \u015brodka. Permanentne przebod\u017acowanie i nami\u0119tno\u015b\u0107 do spe\u0142niania oczekiwa\u0144 z zewn\u0105trz, spalaj\u0105 nas od wewn\u0105trz. Czasem nie wiemy ju\u017c, jaki sens ma to \u017cycie. Gubimy sens tego, do czego d\u0105\u017cymy. Ta kolekcja to zapis etap\u00f3w, kt\u00f3rych do\u015bwiadczy\u0142am, b\u0119d\u0105c przez wiele lat w trybie przetrwania. G\u0142\u0119boko wierz\u0119, \u017ce jest to stan, z kt\u00f3rego mo\u017cemy wyj\u015b\u0107.<\/p>\n<p>Wymiary 50\u00d780 cm. Obraz sygnowany jest inicja\u0142ami w prawym dolnym rogu, rokiem z boku oraz podpisany tytu\u0142em, nazwiskiem i rokiem z ty\u0142u. Zabezpieczony werniksem. Do\u0142\u0105czony certyfikat autentyczno\u015bci.<\/p><\/div>\n<\/div>\n<\/div>","protected":false},"excerpt":{"rendered":"<p>Wkurwiona sinusoid\u0105, osi\u0105gasz apogeum. Masz do\u015b\u0107 nie nad\u0105\u017cania i \u017cycia na czyich\u015b zasadach. Pytasz sam\u0105 siebie, dlaczego masz tak si\u0119 czu\u0107. Co\u015b tu nie gra. Czy naprawd\u0119 po to jest to \u017cycie? Co\u015b w Tobie p\u0119ka i wylewa si\u0119 na zewn\u0105trz. Od tego momentu nie ma ju\u017c powrotu.<\/p>","protected":false},"featured_media":17271,"template":"","meta":[],"product_brand":[],"product_cat":[156,157],"product_tag":[],"class_list":{"0":"post-17265","1":"product","2":"type-product","3":"status-publish","4":"has-post-thumbnail","6":"product_cat-nowosci","7":"product_cat-survival-mode-2025","9":"first","10":"outofstock","11":"sold-individually","12":"shipping-taxable","13":"purchasable","14":"product-type-simple"},"_links":{"self":[{"href":"https:\/\/shop.joannabilska.pl\/en\/wp-json\/wp\/v2\/product\/17265","targetHints":{"allow":["GET"]}}],"collection":[{"href":"https:\/\/shop.joannabilska.pl\/en\/wp-json\/wp\/v2\/product"}],"about":[{"href":"https:\/\/shop.joannabilska.pl\/en\/wp-json\/wp\/v2\/types\/product"}],"version-history":[{"count":1,"href":"https:\/\/shop.joannabilska.pl\/en\/wp-json\/wp\/v2\/product\/17265\/revisions"}],"predecessor-version":[{"id":17275,"href":"https:\/\/shop.joannabilska.pl\/en\/wp-json\/wp\/v2\/product\/17265\/revisions\/17275"}],"wp:featuredmedia":[{"embeddable":true,"href":"https:\/\/shop.joannabilska.pl\/en\/wp-json\/wp\/v2\/media\/17271"}],"wp:attachment":[{"href":"https:\/\/shop.joannabilska.pl\/en\/wp-json\/wp\/v2\/media?parent=17265"}],"wp:term":[{"taxonomy":"product_brand","embeddable":true,"href":"https:\/\/shop.joannabilska.pl\/en\/wp-json\/wp\/v2\/product_brand?post=17265"},{"taxonomy":"product_cat","embeddable":true,"href":"https:\/\/shop.joannabilska.pl\/en\/wp-json\/wp\/v2\/product_cat?post=17265"},{"taxonomy":"product_tag","embeddable":true,"href":"https:\/\/shop.joannabilska.pl\/en\/wp-json\/wp\/v2\/product_tag?post=17265"}],"curies":[{"name":"wp","href":"https:\/\/api.w.org\/{rel}","templated":true}]}}