{"id":17276,"date":"2025-10-03T11:33:18","date_gmt":"2025-10-03T11:33:18","guid":{"rendered":"https:\/\/shop.joannabilska.pl\/?post_type=product&#038;p=17276"},"modified":"2025-11-05T10:15:16","modified_gmt":"2025-11-05T10:15:16","slug":"chaos","status":"publish","type":"product","link":"https:\/\/shop.joannabilska.pl\/en\/product\/chaos\/","title":{"rendered":"CHAOS"},"content":{"rendered":"<div class=\"ades\">\n<div class=\"ades\">\n<div class=\"ades\">\n<p>Akryl na p\u0142\u00f3tnie technik\u0105 pouringu, motyw czarno-bia\u0142ych kwiat\u00f3w. Kwiaty s\u0105 rozchlapane i nieoczywiste, ale gdzie\u015b tam mo\u017cna ju\u017c je rozpozna\u0107. To symbol tej fazy przej\u015bciowej, fazy chaosu, z kt\u00f3rego wy\u0142ania si\u0119 co\u015b nowego.<\/p>\n<p>Kolekcja Survival Mode to historia trudnego okresu w \u017cyciu, kt\u00f3rego do\u015bwiadcza wiele z nas. W niekt\u00f3rych momentach trudno nam si\u0119 odnale\u017a\u0107, nie nad\u0105\u017camy i nie czujemy, \u017ce jeste\u015bmy wystarczaj\u0105ce. Nat\u0142ok wydarze\u0144 i obowi\u0105zk\u00f3w, czyli tego wszystkiego, co na zewn\u0105trz, nie pozwala pos\u0142ucha\u0107 swojego \u015brodka. Permanentne przebod\u017acowanie i nami\u0119tno\u015b\u0107 do spe\u0142niania oczekiwa\u0144 z zewn\u0105trz, spalaj\u0105 nas od wewn\u0105trz. Czasem nie wiemy ju\u017c, jaki sens ma to \u017cycie. Gubimy sens tego, do czego d\u0105\u017cymy. Ta kolekcja to zapis etap\u00f3w, kt\u00f3rych do\u015bwiadczy\u0142am, b\u0119d\u0105c przez wiele lat w trybie przetrwania. G\u0142\u0119boko wierz\u0119, \u017ce jest to stan, z kt\u00f3rego mo\u017cemy wyj\u015b\u0107.<\/p>\n<p>Wymiary 50\u00d780 cm. Kolory: czer\u0144 i biel. Obraz sygnowany jest inicja\u0142ami w prawym dolnym rogu, rokiem z boku oraz podpisany tytu\u0142em, nazwiskiem i rokiem z ty\u0142u. Zabezpieczony werniksem. Do\u0142\u0105czony certyfikat autentyczno\u015bci.<\/p>\n<\/div>\n<\/div>\n<\/div>","protected":false},"excerpt":{"rendered":"<p>Pono\u0107 to z chaosu wy\u0142ania si\u0119 porz\u0105dek. Nie wiesz jeszcze co, ale wiesz, \u017ce si\u0119 zacz\u0119\u0142o. Motasz si\u0119 pomi\u0119dzy, szastasz jeszcze energi\u0105, ale gdzie\u015b tam na horyzoncie widzisz, \u017ce Twoje \u017cycie przybiera wreszcie jaki\u015b kszta\u0142t&#8230;<\/p>","protected":false},"featured_media":17284,"template":"","meta":[],"product_brand":[],"product_cat":[156,157],"product_tag":[],"class_list":{"0":"post-17276","1":"product","2":"type-product","3":"status-publish","4":"has-post-thumbnail","6":"product_cat-nowosci","7":"product_cat-survival-mode-2025","9":"first","10":"outofstock","11":"sold-individually","12":"shipping-taxable","13":"purchasable","14":"product-type-simple"},"_links":{"self":[{"href":"https:\/\/shop.joannabilska.pl\/en\/wp-json\/wp\/v2\/product\/17276","targetHints":{"allow":["GET"]}}],"collection":[{"href":"https:\/\/shop.joannabilska.pl\/en\/wp-json\/wp\/v2\/product"}],"about":[{"href":"https:\/\/shop.joannabilska.pl\/en\/wp-json\/wp\/v2\/types\/product"}],"version-history":[{"count":1,"href":"https:\/\/shop.joannabilska.pl\/en\/wp-json\/wp\/v2\/product\/17276\/revisions"}],"predecessor-version":[{"id":17286,"href":"https:\/\/shop.joannabilska.pl\/en\/wp-json\/wp\/v2\/product\/17276\/revisions\/17286"}],"wp:featuredmedia":[{"embeddable":true,"href":"https:\/\/shop.joannabilska.pl\/en\/wp-json\/wp\/v2\/media\/17284"}],"wp:attachment":[{"href":"https:\/\/shop.joannabilska.pl\/en\/wp-json\/wp\/v2\/media?parent=17276"}],"wp:term":[{"taxonomy":"product_brand","embeddable":true,"href":"https:\/\/shop.joannabilska.pl\/en\/wp-json\/wp\/v2\/product_brand?post=17276"},{"taxonomy":"product_cat","embeddable":true,"href":"https:\/\/shop.joannabilska.pl\/en\/wp-json\/wp\/v2\/product_cat?post=17276"},{"taxonomy":"product_tag","embeddable":true,"href":"https:\/\/shop.joannabilska.pl\/en\/wp-json\/wp\/v2\/product_tag?post=17276"}],"curies":[{"name":"wp","href":"https:\/\/api.w.org\/{rel}","templated":true}]}}