{"id":17287,"date":"2025-10-03T11:43:02","date_gmt":"2025-10-03T11:43:02","guid":{"rendered":"https:\/\/shop.joannabilska.pl\/?post_type=product&#038;p=17287"},"modified":"2025-11-05T10:15:15","modified_gmt":"2025-11-05T10:15:15","slug":"ugly","status":"publish","type":"product","link":"https:\/\/shop.joannabilska.pl\/en\/product\/ugly\/","title":{"rendered":"UGLY"},"content":{"rendered":"<div class=\"ades\">\n<div class=\"ades\">\n<div class=\"ades\">\n<p>Kolekcja Survival Mode to historia trudnego okresu w \u017cyciu, kt\u00f3rego do\u015bwiadcza wiele z nas. W niekt\u00f3rych momentach trudno nam si\u0119 odnale\u017a\u0107, nie nad\u0105\u017camy i nie czujemy, \u017ce jeste\u015bmy wystarczaj\u0105ce. Nat\u0142ok wydarze\u0144 i obowi\u0105zk\u00f3w, czyli tego wszystkiego, co na zewn\u0105trz, nie pozwala pos\u0142ucha\u0107 swojego \u015brodka. Permanentne przebod\u017acowanie i nami\u0119tno\u015b\u0107 do spe\u0142niania oczekiwa\u0144 z zewn\u0105trz, spalaj\u0105 nas od wewn\u0105trz. Czasem nie wiemy ju\u017c, jaki sens ma to \u017cycie. Gubimy sens tego, do czego d\u0105\u017cymy. Ta kolekcja to zapis etap\u00f3w, kt\u00f3rych do\u015bwiadczy\u0142am, b\u0119d\u0105c przez wiele lat w trybie przetrwania. G\u0142\u0119boko wierz\u0119, \u017ce jest to stan, z kt\u00f3rego mo\u017cemy wyj\u015b\u0107.<\/p>\n<p>Wymiary 50\u00d780 cm. Obraz sygnowany jest inicja\u0142ami w prawym dolnym rogu, rokiem z boku oraz podpisany tytu\u0142em, nazwiskiem i rokiem z ty\u0142u. Zabezpieczony werniksem. Do\u0142\u0105czony certyfikat autentyczno\u015bci.<\/p>\n<\/div>\n<\/div>\n<\/div>","protected":false},"excerpt":{"rendered":"<p>Pragn\u0119\u0142a\u015b Feniksa, kt\u00f3ry odradza si\u0119 z popio\u0142\u00f3w, a dosta\u0142a\u015b bezkszta\u0142tn\u0105 struktur\u0119, co\u015b nieuformowanego.<br \/>\nMimo wszystko zacz\u0119\u0142a\u015b. Pojawi\u0142y si\u0119 kolory. Promie\u0144 s\u0142o\u0144ca przebi\u0142 si\u0119 tu i \u00f3wdzie. Obudzi\u0142a\u015b si\u0119 czuj\u0105c si\u0119 lepiej &#8211; raz, potem drugi i kolejny&#8230; To mo\u017ce jeszcze nie jest upragniona forma, ale pocz\u0105tki tego, co naprawd\u0119 pi\u0119kne, cz\u0119sto bywaj\u0105 po prostu brzydkie&#8230;<\/p>","protected":false},"featured_media":17295,"template":"","meta":[],"product_brand":[],"product_cat":[156,157],"product_tag":[],"class_list":{"0":"post-17287","1":"product","2":"type-product","3":"status-publish","4":"has-post-thumbnail","6":"product_cat-nowosci","7":"product_cat-survival-mode-2025","9":"first","10":"outofstock","11":"sold-individually","12":"shipping-taxable","13":"purchasable","14":"product-type-simple"},"_links":{"self":[{"href":"https:\/\/shop.joannabilska.pl\/en\/wp-json\/wp\/v2\/product\/17287","targetHints":{"allow":["GET"]}}],"collection":[{"href":"https:\/\/shop.joannabilska.pl\/en\/wp-json\/wp\/v2\/product"}],"about":[{"href":"https:\/\/shop.joannabilska.pl\/en\/wp-json\/wp\/v2\/types\/product"}],"version-history":[{"count":1,"href":"https:\/\/shop.joannabilska.pl\/en\/wp-json\/wp\/v2\/product\/17287\/revisions"}],"predecessor-version":[{"id":17297,"href":"https:\/\/shop.joannabilska.pl\/en\/wp-json\/wp\/v2\/product\/17287\/revisions\/17297"}],"wp:featuredmedia":[{"embeddable":true,"href":"https:\/\/shop.joannabilska.pl\/en\/wp-json\/wp\/v2\/media\/17295"}],"wp:attachment":[{"href":"https:\/\/shop.joannabilska.pl\/en\/wp-json\/wp\/v2\/media?parent=17287"}],"wp:term":[{"taxonomy":"product_brand","embeddable":true,"href":"https:\/\/shop.joannabilska.pl\/en\/wp-json\/wp\/v2\/product_brand?post=17287"},{"taxonomy":"product_cat","embeddable":true,"href":"https:\/\/shop.joannabilska.pl\/en\/wp-json\/wp\/v2\/product_cat?post=17287"},{"taxonomy":"product_tag","embeddable":true,"href":"https:\/\/shop.joannabilska.pl\/en\/wp-json\/wp\/v2\/product_tag?post=17287"}],"curies":[{"name":"wp","href":"https:\/\/api.w.org\/{rel}","templated":true}]}}