{"id":17308,"date":"2025-10-03T11:59:19","date_gmt":"2025-10-03T11:59:19","guid":{"rendered":"https:\/\/shop.joannabilska.pl\/?post_type=product&#038;p=17308"},"modified":"2025-10-03T11:59:20","modified_gmt":"2025-10-03T11:59:20","slug":"zrodlo","status":"publish","type":"product","link":"https:\/\/shop.joannabilska.pl\/en\/product\/zrodlo\/","title":{"rendered":"\u0179R\u00d3D\u0141O"},"content":{"rendered":"<p>An abstract painting created with acrylic paints on high-quality Polish-made cotton canvas, finished with varnish and signed. The sides of the canvas continue the painting, so no additional framing is needed.<br \/>\nCertificate of authenticity in Polish is included.<\/p>\n<p>Size: 70 x 90cm<br \/>\nYear: 2025<\/p>","protected":false},"excerpt":{"rendered":"<p>To miejsce w ziemi, z kt\u00f3rego tryska woda, daj\u0105c nowe \u017cycie. Nowy pocz\u0105tek, czysta krynica. To metafora pi\u0119kna p\u0142yn\u0105cej wody, kt\u00f3ra oczyszcza wszystko i pozwala codziennie zacz\u0105\u0107 od nowa. Obraz jest wielowarstwowy, z nier\u00f3wno\u015bciami i widocznymi przeci\u0105gni\u0119ciami szpachl\u0105. To po\u0142\u0105czenie wielu warstw farb w odcieniach bieli, granatu, zieleni i z\u0142otego. Pokryty werniskem z lekkim po\u0142yskiem.<\/p>","protected":false},"featured_media":17315,"template":"","meta":[],"product_brand":[],"product_cat":[52,156],"product_tag":[],"class_list":{"0":"post-17308","1":"product","2":"type-product","3":"status-publish","4":"has-post-thumbnail","6":"product_cat-brak-kolekcji","7":"product_cat-nowosci","9":"first","10":"instock","11":"sold-individually","12":"shipping-taxable","13":"purchasable","14":"product-type-simple"},"_links":{"self":[{"href":"https:\/\/shop.joannabilska.pl\/en\/wp-json\/wp\/v2\/product\/17308","targetHints":{"allow":["GET"]}}],"collection":[{"href":"https:\/\/shop.joannabilska.pl\/en\/wp-json\/wp\/v2\/product"}],"about":[{"href":"https:\/\/shop.joannabilska.pl\/en\/wp-json\/wp\/v2\/types\/product"}],"version-history":[{"count":1,"href":"https:\/\/shop.joannabilska.pl\/en\/wp-json\/wp\/v2\/product\/17308\/revisions"}],"predecessor-version":[{"id":17318,"href":"https:\/\/shop.joannabilska.pl\/en\/wp-json\/wp\/v2\/product\/17308\/revisions\/17318"}],"wp:featuredmedia":[{"embeddable":true,"href":"https:\/\/shop.joannabilska.pl\/en\/wp-json\/wp\/v2\/media\/17315"}],"wp:attachment":[{"href":"https:\/\/shop.joannabilska.pl\/en\/wp-json\/wp\/v2\/media?parent=17308"}],"wp:term":[{"taxonomy":"product_brand","embeddable":true,"href":"https:\/\/shop.joannabilska.pl\/en\/wp-json\/wp\/v2\/product_brand?post=17308"},{"taxonomy":"product_cat","embeddable":true,"href":"https:\/\/shop.joannabilska.pl\/en\/wp-json\/wp\/v2\/product_cat?post=17308"},{"taxonomy":"product_tag","embeddable":true,"href":"https:\/\/shop.joannabilska.pl\/en\/wp-json\/wp\/v2\/product_tag?post=17308"}],"curies":[{"name":"wp","href":"https:\/\/api.w.org\/{rel}","templated":true}]}}