{"id":17333,"date":"2025-10-21T11:02:26","date_gmt":"2025-10-21T11:02:26","guid":{"rendered":"https:\/\/shop.joannabilska.pl\/?post_type=product&#038;p=17333"},"modified":"2025-10-21T11:16:09","modified_gmt":"2025-10-21T11:16:09","slug":"pomaranczowe-kwiaty-ii","status":"publish","type":"product","link":"https:\/\/shop.joannabilska.pl\/en\/product\/pomaranczowe-kwiaty-ii\/","title":{"rendered":"Pomara\u0144czowe Kwiaty II"},"content":{"rendered":"<p>Delikatne kwiaty w \u017cywych kolorach na bia\u0142ym tle wykonane technik\u0105 pouringu. U\u017cyto m.in. barwy pomara\u0144czowej fluorescencyjnej, kt\u00f3ra pi\u0119knie ro\u015bwietli ciemniejsze wn\u0119trza.<\/p>\n<p>Obraz zabezpieczony werniksem, do\u0142\u0105czony certyfikat autentyczno\u015bci.<br \/>\nNaturalnie barwy na zdj\u0119ciach mog\u0105 nieznacznie si\u0119 r\u00f3\u017cni\u0107 w zale\u017cno\u015bci od k\u0105ta padania \u015bwiat\u0142a i sprz\u0119tu u\u017cytego do ogl\u0105dania.<\/p>","protected":false},"excerpt":{"rendered":"<p>Niepowtarzalny abstrakcyjny obraz akrylowy wykonany r\u0119cznie na lekkim bawe\u0142nianym podobraziu polskiej produkcji. Idealny na prezent, do wystroju mniejszego wn\u0119trza lub o\u017cywienia ciemniejszych przestrzeni.<\/p>","protected":false},"featured_media":17334,"template":"","meta":[],"product_brand":[],"product_cat":[48],"product_tag":[],"class_list":{"0":"post-17333","1":"product","2":"type-product","3":"status-publish","4":"has-post-thumbnail","6":"product_cat-flower-flow","8":"first","9":"instock","10":"sold-individually","11":"shipping-taxable","12":"purchasable","13":"product-type-simple"},"_links":{"self":[{"href":"https:\/\/shop.joannabilska.pl\/en\/wp-json\/wp\/v2\/product\/17333","targetHints":{"allow":["GET"]}}],"collection":[{"href":"https:\/\/shop.joannabilska.pl\/en\/wp-json\/wp\/v2\/product"}],"about":[{"href":"https:\/\/shop.joannabilska.pl\/en\/wp-json\/wp\/v2\/types\/product"}],"version-history":[{"count":1,"href":"https:\/\/shop.joannabilska.pl\/en\/wp-json\/wp\/v2\/product\/17333\/revisions"}],"predecessor-version":[{"id":17339,"href":"https:\/\/shop.joannabilska.pl\/en\/wp-json\/wp\/v2\/product\/17333\/revisions\/17339"}],"wp:featuredmedia":[{"embeddable":true,"href":"https:\/\/shop.joannabilska.pl\/en\/wp-json\/wp\/v2\/media\/17334"}],"wp:attachment":[{"href":"https:\/\/shop.joannabilska.pl\/en\/wp-json\/wp\/v2\/media?parent=17333"}],"wp:term":[{"taxonomy":"product_brand","embeddable":true,"href":"https:\/\/shop.joannabilska.pl\/en\/wp-json\/wp\/v2\/product_brand?post=17333"},{"taxonomy":"product_cat","embeddable":true,"href":"https:\/\/shop.joannabilska.pl\/en\/wp-json\/wp\/v2\/product_cat?post=17333"},{"taxonomy":"product_tag","embeddable":true,"href":"https:\/\/shop.joannabilska.pl\/en\/wp-json\/wp\/v2\/product_tag?post=17333"}],"curies":[{"name":"wp","href":"https:\/\/api.w.org\/{rel}","templated":true}]}}