{"id":17351,"date":"2025-11-19T10:14:23","date_gmt":"2025-11-19T10:14:23","guid":{"rendered":"https:\/\/shop.joannabilska.pl\/?post_type=product&#038;p=17351"},"modified":"2025-11-19T10:29:19","modified_gmt":"2025-11-19T10:29:19","slug":"abstrakcja-70x90-cm","status":"publish","type":"product","link":"https:\/\/shop.joannabilska.pl\/en\/product\/abstrakcja-70x90-cm\/","title":{"rendered":"Abstrakcja 70&#215;90 cm"},"content":{"rendered":"<p>Obraz malowany pastami strukturalnymi i farbami akrylowymi, pi\u0119knie odbija \u015bwiat\u0142o dzi\u0119ki metalicznym kolorom. W zale\u017cno\u015bci od k\u0105ta jego padania, b\u0119dzie przybiera\u0142 mniej lub bardziej intensywne odcienie. O\u017cywi ka\u017cde, nawet ciemne wn\u0119trze.<\/p>","protected":false},"excerpt":{"rendered":"<p>Obraz zabezpieczony werniksem, sygnowany. Boki s\u0105 jego przed\u0142u\u017ceniem, dzi\u0119ki czemu nie wymaga dodatkowej oprawy.<br \/>\nCertificate of authenticity in Polish is included.<\/p>\n<p>Size: 70 x 90cm<br \/>\nYear: 2025<\/p>","protected":false},"featured_media":17352,"template":"","meta":[],"product_brand":[],"product_cat":[52,156],"product_tag":[],"class_list":{"0":"post-17351","1":"product","2":"type-product","3":"status-publish","4":"has-post-thumbnail","6":"product_cat-brak-kolekcji","7":"product_cat-nowosci","9":"first","10":"instock","11":"sold-individually","12":"shipping-taxable","13":"purchasable","14":"product-type-simple"},"_links":{"self":[{"href":"https:\/\/shop.joannabilska.pl\/en\/wp-json\/wp\/v2\/product\/17351","targetHints":{"allow":["GET"]}}],"collection":[{"href":"https:\/\/shop.joannabilska.pl\/en\/wp-json\/wp\/v2\/product"}],"about":[{"href":"https:\/\/shop.joannabilska.pl\/en\/wp-json\/wp\/v2\/types\/product"}],"version-history":[{"count":3,"href":"https:\/\/shop.joannabilska.pl\/en\/wp-json\/wp\/v2\/product\/17351\/revisions"}],"predecessor-version":[{"id":17363,"href":"https:\/\/shop.joannabilska.pl\/en\/wp-json\/wp\/v2\/product\/17351\/revisions\/17363"}],"wp:featuredmedia":[{"embeddable":true,"href":"https:\/\/shop.joannabilska.pl\/en\/wp-json\/wp\/v2\/media\/17352"}],"wp:attachment":[{"href":"https:\/\/shop.joannabilska.pl\/en\/wp-json\/wp\/v2\/media?parent=17351"}],"wp:term":[{"taxonomy":"product_brand","embeddable":true,"href":"https:\/\/shop.joannabilska.pl\/en\/wp-json\/wp\/v2\/product_brand?post=17351"},{"taxonomy":"product_cat","embeddable":true,"href":"https:\/\/shop.joannabilska.pl\/en\/wp-json\/wp\/v2\/product_cat?post=17351"},{"taxonomy":"product_tag","embeddable":true,"href":"https:\/\/shop.joannabilska.pl\/en\/wp-json\/wp\/v2\/product_tag?post=17351"}],"curies":[{"name":"wp","href":"https:\/\/api.w.org\/{rel}","templated":true}]}}