{"id":17364,"date":"2025-11-19T10:23:06","date_gmt":"2025-11-19T10:23:06","guid":{"rendered":"https:\/\/shop.joannabilska.pl\/?post_type=product&#038;p=17364"},"modified":"2025-11-19T10:23:07","modified_gmt":"2025-11-19T10:23:07","slug":"slonce-i-ksiezyc-80x80","status":"publish","type":"product","link":"https:\/\/shop.joannabilska.pl\/en\/product\/slonce-i-ksiezyc-80x80\/","title":{"rendered":"S\u0142o\u0144ce i Ksi\u0119\u017cyc 80&#215;80"},"content":{"rendered":"<p>Obraz zabezpieczony werniksem, sygnowany. Boki s\u0105 jego przed\u0142u\u017ceniem, dzi\u0119ki czemu nie wymaga dodatkowej oprawy.<br \/>\nCertificate of authenticity in Polish is included.<\/p>\n<p>Size: 80x80 cm<br \/>\nYear: 2025<\/p>","protected":false},"excerpt":{"rendered":"<p>Obraz malowany pastami strukturalnymi i farbami akrylowymi, pi\u0119knie odbija \u015bwiat\u0142o dzi\u0119ki metalicznym kolorom. W zale\u017cno\u015bci od k\u0105ta jego padania, b\u0119dzie przybiera\u0142 mniej lub bardziej intensywne odcienie. Na powierzchni obrazu wida\u0107 wyra\u017anie nier\u00f3wne struktury.<\/p>","protected":false},"featured_media":17365,"template":"","meta":[],"product_brand":[],"product_cat":[52,156],"product_tag":[],"class_list":{"0":"post-17364","1":"product","2":"type-product","3":"status-publish","4":"has-post-thumbnail","6":"product_cat-brak-kolekcji","7":"product_cat-nowosci","9":"first","10":"instock","11":"sold-individually","12":"shipping-taxable","13":"purchasable","14":"product-type-simple"},"_links":{"self":[{"href":"https:\/\/shop.joannabilska.pl\/en\/wp-json\/wp\/v2\/product\/17364","targetHints":{"allow":["GET"]}}],"collection":[{"href":"https:\/\/shop.joannabilska.pl\/en\/wp-json\/wp\/v2\/product"}],"about":[{"href":"https:\/\/shop.joannabilska.pl\/en\/wp-json\/wp\/v2\/types\/product"}],"version-history":[{"count":1,"href":"https:\/\/shop.joannabilska.pl\/en\/wp-json\/wp\/v2\/product\/17364\/revisions"}],"predecessor-version":[{"id":17375,"href":"https:\/\/shop.joannabilska.pl\/en\/wp-json\/wp\/v2\/product\/17364\/revisions\/17375"}],"wp:featuredmedia":[{"embeddable":true,"href":"https:\/\/shop.joannabilska.pl\/en\/wp-json\/wp\/v2\/media\/17365"}],"wp:attachment":[{"href":"https:\/\/shop.joannabilska.pl\/en\/wp-json\/wp\/v2\/media?parent=17364"}],"wp:term":[{"taxonomy":"product_brand","embeddable":true,"href":"https:\/\/shop.joannabilska.pl\/en\/wp-json\/wp\/v2\/product_brand?post=17364"},{"taxonomy":"product_cat","embeddable":true,"href":"https:\/\/shop.joannabilska.pl\/en\/wp-json\/wp\/v2\/product_cat?post=17364"},{"taxonomy":"product_tag","embeddable":true,"href":"https:\/\/shop.joannabilska.pl\/en\/wp-json\/wp\/v2\/product_tag?post=17364"}],"curies":[{"name":"wp","href":"https:\/\/api.w.org\/{rel}","templated":true}]}}