{"id":17377,"date":"2025-11-19T10:27:22","date_gmt":"2025-11-19T10:27:22","guid":{"rendered":"https:\/\/shop.joannabilska.pl\/?post_type=product&#038;p=17377"},"modified":"2025-11-19T10:27:22","modified_gmt":"2025-11-19T10:27:22","slug":"abstrakcja-60x90","status":"publish","type":"product","link":"https:\/\/shop.joannabilska.pl\/en\/product\/abstrakcja-60x90\/","title":{"rendered":"Abstrakcja 60&#215;90"},"content":{"rendered":"<p>Dominuj\u0105 odcienie amarantu i fioletu, niebieskiego metalicznego i z\u0142ota. Obraz b\u0119dzie zmienia\u0142 lekko barwy w zale\u017cno\u015bci od o\u015bwietlenia. Kolory metaliczne wyra\u017anie odbij\u0105 \u015bwiat\u0142o.<\/p>\n<p>Obraz zabezpieczony werniksem, sygnowany, do\u0142\u0105czony certyfikat autentyczno\u015bci.<\/p>\n<p>Tytu\u0142: Bez tytu\u0142u<br \/>\nWymiary: 60&#215;90 cm<br \/>\nYear: 2025<\/p>","protected":false},"excerpt":{"rendered":"<p>Du\u017cy obraz abstrakcyjny, r\u0119cznie malowany farbami akrylowymi na p\u0142\u00f3tnie. Idealny do sypialni, salonu, podkre\u015bli charakter wn\u0119trza.<br \/>\nPosiada delikatn\u0105, ale wyra\u017anie chropowat\u0105 struktur\u0119, dzi\u0119ki kt\u00f3rej uzyskano efekt zmatowienia. Niejednolite nier\u00f3wno\u015bci kontrastuj\u0105 z kszta\u0142tami k\u00f3\u0142.<\/p>","protected":false},"featured_media":17380,"template":"","meta":[],"product_brand":[],"product_cat":[52,156],"product_tag":[],"class_list":{"0":"post-17377","1":"product","2":"type-product","3":"status-publish","4":"has-post-thumbnail","6":"product_cat-brak-kolekcji","7":"product_cat-nowosci","9":"first","10":"instock","11":"sold-individually","12":"shipping-taxable","13":"purchasable","14":"product-type-simple"},"_links":{"self":[{"href":"https:\/\/shop.joannabilska.pl\/en\/wp-json\/wp\/v2\/product\/17377","targetHints":{"allow":["GET"]}}],"collection":[{"href":"https:\/\/shop.joannabilska.pl\/en\/wp-json\/wp\/v2\/product"}],"about":[{"href":"https:\/\/shop.joannabilska.pl\/en\/wp-json\/wp\/v2\/types\/product"}],"version-history":[{"count":1,"href":"https:\/\/shop.joannabilska.pl\/en\/wp-json\/wp\/v2\/product\/17377\/revisions"}],"predecessor-version":[{"id":17385,"href":"https:\/\/shop.joannabilska.pl\/en\/wp-json\/wp\/v2\/product\/17377\/revisions\/17385"}],"wp:featuredmedia":[{"embeddable":true,"href":"https:\/\/shop.joannabilska.pl\/en\/wp-json\/wp\/v2\/media\/17380"}],"wp:attachment":[{"href":"https:\/\/shop.joannabilska.pl\/en\/wp-json\/wp\/v2\/media?parent=17377"}],"wp:term":[{"taxonomy":"product_brand","embeddable":true,"href":"https:\/\/shop.joannabilska.pl\/en\/wp-json\/wp\/v2\/product_brand?post=17377"},{"taxonomy":"product_cat","embeddable":true,"href":"https:\/\/shop.joannabilska.pl\/en\/wp-json\/wp\/v2\/product_cat?post=17377"},{"taxonomy":"product_tag","embeddable":true,"href":"https:\/\/shop.joannabilska.pl\/en\/wp-json\/wp\/v2\/product_tag?post=17377"}],"curies":[{"name":"wp","href":"https:\/\/api.w.org\/{rel}","templated":true}]}}